{"id":1270,"date":"2018-02-24T09:44:41","date_gmt":"2018-02-24T08:44:41","guid":{"rendered":"http:\/\/www.senka.fr\/blog\/?page_id=1270"},"modified":"2019-03-27T06:21:08","modified_gmt":"2019-03-27T05:21:08","slug":"pays","status":"publish","type":"page","link":"https:\/\/www.senka.fr\/blog\/pays\/","title":{"rendered":"Pays"},"content":{"rendered":"\n<table class=\"wp-block-table has-fixed-layout is-style-stripes\"><tbody><tr><td><strong> Am\u00e9rique du Sud<\/strong><br>. <a href=\"http:\/\/www.senka.fr\/blog\/pays\/amerique-du-sud\/perou\/\">P\u00e9rou<\/a><br>. <a href=\"http:\/\/www.senka.fr\/blog\/pays\/amerique-du-sud\/bolivie\/\">Bolivie<\/a><br>. <a href=\"http:\/\/www.senka.fr\/blog\/pays\/amerique-du-sud\/argentine\/\">Argentine<\/a><br>. <a href=\"http:\/\/www.senka.fr\/blog\/pays\/amerique-du-sud\/chili\/\">Chili<\/a> <\/td><td><strong>Oc\u00e9anie<\/strong><br>. <a href=\"http:\/\/www.senka.fr\/blog\/pays\/oceanie\/nouvelle-zelande\/\">Nouvelle-Z\u00e9lande<\/a><\/td><td><strong>Asie<\/strong><br>. <a href=\"http:\/\/www.senka.fr\/blog\/pays\/asie\/sri-lanka\/\">Sri Lanka<\/a><br>. <a href=\"http:\/\/www.senka.fr\/blog\/pays\/asie\/myanmar\/\">Myanmar<\/a><br>. <a href=\"http:\/\/www.senka.fr\/blog\/pays\/asie\/thailande\/\">Tha\u00eflande<\/a><br>. <a href=\"http:\/\/www.senka.fr\/blog\/pays\/asie\/malaisie\/\">Malaisie<\/a><br>. <a href=\"http:\/\/www.senka.fr\/blog\/pays\/asie\/indonesie\/\">Indon\u00e9sie<\/a><br>. <a href=\"http:\/\/www.senka.fr\/blog\/pays\/asie\/hong-kong\/\">Hong-Kong<\/a><br>. <a href=\"http:\/\/www.senka.fr\/blog\/pays\/asie\/nepal\/\">N\u00e9pal<\/a><\/td><td><strong>Afrique<\/strong><br>. <a href=\"http:\/\/www.senka.fr\/blog\/pays\/afrique\/afrique-du-sud\/\">Afrique du Sud<\/a><br>. <a href=\"http:\/\/www.senka.fr\/blog\/pays\/afrique\/swaziland\/\">Swaziland<\/a><\/td><\/tr><\/tbody><\/table>\n","protected":false},"excerpt":{"rendered":"<p>Am\u00e9rique du Sud. P\u00e9rou. Bolivie. Argentine. Chili Oc\u00e9anie. Nouvelle-Z\u00e9lande Asie. Sri Lanka. Myanmar. Tha\u00eflande. Malaisie. Indon\u00e9sie. Hong-Kong. N\u00e9pal Afrique. Afrique du Sud. Swaziland<\/p>\n","protected":false},"author":1,"featured_media":0,"parent":0,"menu_order":0,"comment_status":"closed","ping_status":"closed","template":"","meta":{"footnotes":""},"class_list":["post-1270","page","type-page","status-publish","hentry"],"jetpack_sharing_enabled":true,"jetpack_shortlink":"https:\/\/wp.me\/P8IlF9-ku","_links":{"self":[{"href":"https:\/\/www.senka.fr\/blog\/wp-json\/wp\/v2\/pages\/1270"}],"collection":[{"href":"https:\/\/www.senka.fr\/blog\/wp-json\/wp\/v2\/pages"}],"about":[{"href":"https:\/\/www.senka.fr\/blog\/wp-json\/wp\/v2\/types\/page"}],"author":[{"embeddable":true,"href":"https:\/\/www.senka.fr\/blog\/wp-json\/wp\/v2\/users\/1"}],"replies":[{"embeddable":true,"href":"https:\/\/www.senka.fr\/blog\/wp-json\/wp\/v2\/comments?post=1270"}],"version-history":[{"count":18,"href":"https:\/\/www.senka.fr\/blog\/wp-json\/wp\/v2\/pages\/1270\/revisions"}],"predecessor-version":[{"id":4599,"href":"https:\/\/www.senka.fr\/blog\/wp-json\/wp\/v2\/pages\/1270\/revisions\/4599"}],"wp:attachment":[{"href":"https:\/\/www.senka.fr\/blog\/wp-json\/wp\/v2\/media?parent=1270"}],"curies":[{"name":"wp","href":"https:\/\/api.w.org\/{rel}","templated":true}]}}