{"id":7702,"date":"2020-04-25T16:00:14","date_gmt":"2020-04-25T14:00:14","guid":{"rendered":"https:\/\/www.senka.fr\/blog\/?post_type=product&#038;p=7702"},"modified":"2024-08-12T21:43:24","modified_gmt":"2024-08-12T19:43:24","slug":"livre-blog","status":"publish","type":"product","link":"https:\/\/www.senka.fr\/blog\/produit\/livre-blog\/","title":{"rendered":"Livre-Blog"},"content":{"rendered":"<p>Souscription pour le livre :<br \/>\n<b>SENKA, une famille sourde autour du monde.<\/b><\/p>\n<p>Tout au long des 10 mois de notre voyage en famille autour du monde <em>(d\u2019ao\u00fbt 2018 \u00e0 juin 2019)<\/em>, nous avons tenu un blog tr\u00e8s illustr\u00e9 relatant nos d\u00e9couvertes.<\/p>\n<p>L\u2019un de nos objectifs \u00e9tait de d\u00e9couvrir les syst\u00e8mes \u00e9ducatifs des personnes sourdes dans les pays visit\u00e9s. Nos trois enfants ont largement particip\u00e9 \u00e0 la composition de ce journal en ligne.<\/p>\n<p>A notre retour, nous en avons fait un beau livre afin de partager notre magnifique exp\u00e9rience avec tous ceux qui le souhaitent.<\/p>\n<p>Nous pouvons t\u00e9moigner, en effet, que notre pratique de la Langue des signes nous a souvent facilit\u00e9 la communication dans les diff\u00e9rentes cultures.<\/p>\n<p><b>D\u00e9tails du livre :<\/b><br \/>\n&#8211; 200 pages couleur sur papier offset 130g<br \/>\n&#8211; Format A4 : 21 x 29,7 cm<br \/>\n&#8211; Reliure dos carr\u00e9 coll\u00e9<br \/>\n&#8211; Langues : Fran\u00e7ais et LSF<br \/>\n&#8211; ISBN : 979-10-699-4884-6<\/p>\n","protected":false},"excerpt":{"rendered":"<p>Souscription pour le livre : SENKA, une famille sourde autour du monde. Tout au long des 10 mois de notre voyage en famille autour du monde (d\u2019ao\u00fbt 2018 \u00e0 juin 2019), nous avons tenu un blog tr\u00e8s illustr\u00e9 relatant nos d\u00e9couvertes. L\u2019un de nos objectifs \u00e9tait de d\u00e9couvrir les syst\u00e8mes \u00e9ducatifs des personnes sourdes dans &hellip; <a href=\"https:\/\/www.senka.fr\/blog\/produit\/livre-blog\/\" class=\"more-link\">Continuer la lecture de <span class=\"screen-reader-text\">Livre-Blog<\/span>  <span class=\"meta-nav\">&rarr;<\/span><\/a><\/p>\n","protected":false},"featured_media":7718,"template":"","meta":{"jetpack_publicize_message":"Livre-Blog","jetpack_publicize_feature_enabled":true,"jetpack_social_post_already_shared":true,"jetpack_social_options":{"image_generator_settings":{"template":"highway","enabled":false},"version":2}},"product_cat":[117],"product_tag":[],"wpstream_actors":[],"wpstream_category":[],"wpstream_movie_rating":[],"class_list":{"0":"post-7702","1":"product","2":"type-product","3":"status-publish","4":"has-post-thumbnail","6":"product_cat-livre","9":"first","10":"outofstock","11":"shipping-taxable","12":"purchasable","13":"product-type-simple"},"jetpack_publicize_connections":[],"jetpack_sharing_enabled":false,"_links":{"self":[{"href":"https:\/\/www.senka.fr\/blog\/wp-json\/wp\/v2\/product\/7702"}],"collection":[{"href":"https:\/\/www.senka.fr\/blog\/wp-json\/wp\/v2\/product"}],"about":[{"href":"https:\/\/www.senka.fr\/blog\/wp-json\/wp\/v2\/types\/product"}],"wp:featuredmedia":[{"embeddable":true,"href":"https:\/\/www.senka.fr\/blog\/wp-json\/wp\/v2\/media\/7718"}],"wp:attachment":[{"href":"https:\/\/www.senka.fr\/blog\/wp-json\/wp\/v2\/media?parent=7702"}],"wp:term":[{"taxonomy":"product_cat","embeddable":true,"href":"https:\/\/www.senka.fr\/blog\/wp-json\/wp\/v2\/product_cat?post=7702"},{"taxonomy":"product_tag","embeddable":true,"href":"https:\/\/www.senka.fr\/blog\/wp-json\/wp\/v2\/product_tag?post=7702"},{"taxonomy":"wpstream_actors","embeddable":true,"href":"https:\/\/www.senka.fr\/blog\/wp-json\/wp\/v2\/wpstream_actors?post=7702"},{"taxonomy":"wpstream_category","embeddable":true,"href":"https:\/\/www.senka.fr\/blog\/wp-json\/wp\/v2\/wpstream_category?post=7702"},{"taxonomy":"wpstream_movie_rating","embeddable":true,"href":"https:\/\/www.senka.fr\/blog\/wp-json\/wp\/v2\/wpstream_movie_rating?post=7702"}],"curies":[{"name":"wp","href":"https:\/\/api.w.org\/{rel}","templated":true}]}}